{"id":889,"date":"2024-02-03T21:23:35","date_gmt":"2024-02-03T20:23:35","guid":{"rendered":"https:\/\/mahou-minauds.fr\/?page_id=889"},"modified":"2024-05-21T16:13:57","modified_gmt":"2024-05-21T14:13:57","slug":"les-activites","status":"publish","type":"page","link":"https:\/\/mahou-minauds.fr\/?page_id=889","title":{"rendered":"Les activit\u00e9s"},"content":{"rendered":"\n<p><\/p>\n\n\n\n<p><\/p>\n\n\n\n<h3 class=\"wp-block-heading\">Pour les enfants : <\/h3>\n\n\n\n<p class=\"has-normal-font-size\"><br>Au sein de la cr\u00e8che, plusieurs ateliers et activit\u00e9s sont organis\u00e9s. Ces activit\u00e9s sont propos\u00e9es pour r\u00e9pondre aux besoins de tous les enfants, en respectant leur rythme, leur diff\u00e9rences, sans distinction de genre ou de culture. En ce sens, un investissement a \u00e9t\u00e9 fait pour acheter des jeux d\u2019imitation, de soci\u00e9t\u00e9, des livres n&rsquo;imposant pas des codes filles\/gar\u00e7ons que ce soit dans les couleurs ou les r\u00f4les.<\/p>\n\n\n\n<p>Stimuler ses sens et sa cr\u00e9ativit\u00e9, favoriser son \u00e9veil, sa curiosit\u00e9, son d\u00e9veloppement psychomoteur, tout en laissant place \u00e0 l\u2019imaginaire. Tout est mati\u00e8re, tout est musique, rien ne se perd, tout s\u2019explore, se recycle, dispara\u00eet. L\u2019\u00e9ph\u00e9m\u00e8re est utilis\u00e9 pour construire durablement. L\u2019enfant participe ou non, le professionnel accompagne activement ou d\u2019un regard, d\u2019un mot bienveillant.<\/p>\n\n\n\n<p>Quelques exemples d\u2019<strong>activit\u00e9s <em>indoor<\/em> de la cr\u00e8che<\/strong> : parcours moteur, expression corporelle, piscine \u00e0 balles, coin jeux symboliques (d\u00eenette, garage, bo\u00eete \u00e0 outils, d\u00e9guisements\u2026), peinture, dessin, craie, puzzles, perles, encastrements, ateliers cr\u00e9ativit\u00e9 (dessin, collage, gommettes, fabrication des masques), jeux de soci\u00e9t\u00e9, atelier manuels et cuisine (p\u00e2te \u00e0 sel, p\u00e2te \u00e0 modeler, p\u00e2tisserie), diapositives, histoires, chansons et musiques du monde.<\/p>\n\n\n\n<div class=\"wp-block-group is-layout-constrained wp-block-group-is-layout-constrained\"><div class=\"wp-block-group__inner-container\">\n<figure class=\"wp-block-gallery has-nested-images columns-default is-cropped wp-block-gallery-1 is-layout-flex wp-block-gallery-is-layout-flex\">\n<figure class=\"wp-block-image size-large\"><img loading=\"lazy\" decoding=\"async\" width=\"768\" height=\"1024\" src=\"https:\/\/mahou-minauds.fr\/wp-content\/uploads\/2024\/05\/01_activites-indoor-2-1-768x1024.jpeg\" alt=\"\" class=\"wp-image-1189\" srcset=\"https:\/\/mahou-minauds.fr\/wp-content\/uploads\/2024\/05\/01_activites-indoor-2-1-768x1024.jpeg 768w, https:\/\/mahou-minauds.fr\/wp-content\/uploads\/2024\/05\/01_activites-indoor-2-1-225x300.jpeg 225w, https:\/\/mahou-minauds.fr\/wp-content\/uploads\/2024\/05\/01_activites-indoor-2-1-1152x1536.jpeg 1152w, https:\/\/mahou-minauds.fr\/wp-content\/uploads\/2024\/05\/01_activites-indoor-2-1-900x1200.jpeg 900w, https:\/\/mahou-minauds.fr\/wp-content\/uploads\/2024\/05\/01_activites-indoor-2-1.jpeg 1200w\" sizes=\"(max-width: 768px) 100vw, 768px\" \/><\/figure>\n\n\n\n<figure class=\"wp-block-image size-large\"><img loading=\"lazy\" decoding=\"async\" width=\"740\" height=\"1024\" src=\"https:\/\/mahou-minauds.fr\/wp-content\/uploads\/2024\/05\/01_activites-indoor-1-740x1024.jpeg\" alt=\"\" class=\"wp-image-1190\" srcset=\"https:\/\/mahou-minauds.fr\/wp-content\/uploads\/2024\/05\/01_activites-indoor-1-740x1024.jpeg 740w, https:\/\/mahou-minauds.fr\/wp-content\/uploads\/2024\/05\/01_activites-indoor-1-217x300.jpeg 217w, https:\/\/mahou-minauds.fr\/wp-content\/uploads\/2024\/05\/01_activites-indoor-1-768x1063.jpeg 768w, https:\/\/mahou-minauds.fr\/wp-content\/uploads\/2024\/05\/01_activites-indoor-1-1110x1536.jpeg 1110w, https:\/\/mahou-minauds.fr\/wp-content\/uploads\/2024\/05\/01_activites-indoor-1-900x1246.jpeg 900w, https:\/\/mahou-minauds.fr\/wp-content\/uploads\/2024\/05\/01_activites-indoor-1.jpeg 1156w\" sizes=\"(max-width: 740px) 100vw, 740px\" \/><\/figure>\n<\/figure>\n<\/div><\/div>\n\n\n\n<figure class=\"wp-block-image size-large\"><img loading=\"lazy\" decoding=\"async\" width=\"1024\" height=\"576\" src=\"https:\/\/mahou-minauds.fr\/wp-content\/uploads\/2024\/05\/01_activites-indoor-3-2-1024x576.jpeg\" alt=\"\" class=\"wp-image-1192\" srcset=\"https:\/\/mahou-minauds.fr\/wp-content\/uploads\/2024\/05\/01_activites-indoor-3-2-1024x576.jpeg 1024w, https:\/\/mahou-minauds.fr\/wp-content\/uploads\/2024\/05\/01_activites-indoor-3-2-300x169.jpeg 300w, https:\/\/mahou-minauds.fr\/wp-content\/uploads\/2024\/05\/01_activites-indoor-3-2-768x432.jpeg 768w, https:\/\/mahou-minauds.fr\/wp-content\/uploads\/2024\/05\/01_activites-indoor-3-2-1536x864.jpeg 1536w, https:\/\/mahou-minauds.fr\/wp-content\/uploads\/2024\/05\/01_activites-indoor-3-2-900x506.jpeg 900w, https:\/\/mahou-minauds.fr\/wp-content\/uploads\/2024\/05\/01_activites-indoor-3-2-1280x720.jpeg 1280w, https:\/\/mahou-minauds.fr\/wp-content\/uploads\/2024\/05\/01_activites-indoor-3-2.jpeg 1600w\" sizes=\"(max-width: 1024px) 100vw, 1024px\" \/><\/figure>\n\n\n\n<p>De plus, la cr\u00e8che organise des <strong>temps forts de c\u00e9l\u00e9bration<\/strong> (souvent d\u00e9guis\u00e9s) tels que Halloween, le Carnaval, les journ\u00e9es color\u00e9es (chaque fois un couleur diff\u00e9rente \u00e0 l\u2019honneur), ou encore la journ\u00e9e pyjama, tout au long de l\u2019ann\u00e9e.<\/p>\n\n\n\n<figure class=\"wp-block-gallery has-nested-images columns-default is-cropped wp-block-gallery-2 is-layout-flex wp-block-gallery-is-layout-flex\">\n<figure class=\"wp-block-image size-large\"><img loading=\"lazy\" decoding=\"async\" width=\"824\" height=\"1024\" data-id=\"1174\" src=\"https:\/\/mahou-minauds.fr\/wp-content\/uploads\/2024\/05\/02_celebration-noel-824x1024.jpeg\" alt=\"\" class=\"wp-image-1174\" srcset=\"https:\/\/mahou-minauds.fr\/wp-content\/uploads\/2024\/05\/02_celebration-noel-824x1024.jpeg 824w, https:\/\/mahou-minauds.fr\/wp-content\/uploads\/2024\/05\/02_celebration-noel-241x300.jpeg 241w, https:\/\/mahou-minauds.fr\/wp-content\/uploads\/2024\/05\/02_celebration-noel-768x955.jpeg 768w, https:\/\/mahou-minauds.fr\/wp-content\/uploads\/2024\/05\/02_celebration-noel-900x1119.jpeg 900w, https:\/\/mahou-minauds.fr\/wp-content\/uploads\/2024\/05\/02_celebration-noel.jpeg 1200w\" sizes=\"(max-width: 824px) 100vw, 824px\" \/><\/figure>\n\n\n\n<figure class=\"wp-block-image size-large\"><img loading=\"lazy\" decoding=\"async\" width=\"1024\" height=\"768\" data-id=\"1175\" src=\"https:\/\/mahou-minauds.fr\/wp-content\/uploads\/2024\/05\/02_celebration-pygiama-1024x768.jpeg\" alt=\"\" class=\"wp-image-1175\" srcset=\"https:\/\/mahou-minauds.fr\/wp-content\/uploads\/2024\/05\/02_celebration-pygiama-1024x768.jpeg 1024w, https:\/\/mahou-minauds.fr\/wp-content\/uploads\/2024\/05\/02_celebration-pygiama-300x225.jpeg 300w, https:\/\/mahou-minauds.fr\/wp-content\/uploads\/2024\/05\/02_celebration-pygiama-768x576.jpeg 768w, https:\/\/mahou-minauds.fr\/wp-content\/uploads\/2024\/05\/02_celebration-pygiama-1536x1152.jpeg 1536w, https:\/\/mahou-minauds.fr\/wp-content\/uploads\/2024\/05\/02_celebration-pygiama-900x675.jpeg 900w, https:\/\/mahou-minauds.fr\/wp-content\/uploads\/2024\/05\/02_celebration-pygiama-1280x960.jpeg 1280w, https:\/\/mahou-minauds.fr\/wp-content\/uploads\/2024\/05\/02_celebration-pygiama.jpeg 1600w\" sizes=\"(max-width: 1024px) 100vw, 1024px\" \/><\/figure>\n<\/figure>\n\n\n\n<p>Les <strong>sorties<\/strong> organis\u00e9es aux Mahou Minauds entrent dans une d\u00e9marche citoyenne visant \u00e0 inclure, imbriquer, relier les d\u00e9couvertes\u2026 tisser une toile autour de l\u2019enfant qui le met en lien avec la cr\u00e8che, la famille, l\u2019art, la culture, l\u2019environnement, toute la soci\u00e9t\u00e9 !&nbsp; La cr\u00e8che organise des ateliers \u00e0 th\u00e8me avec les personnes \u00e2g\u00e9es de la r\u00e9sidence des Bains, des visites \u00e0 d&rsquo;autres cr\u00e8ches (Coublevie) avec au programme &lsquo;d\u00e9couverte du potager&rsquo;, pique-nique et jeux, sorties r\u00e9guli\u00e8res \u00e0 la Maison des Jeux et la Biblioth\u00e8que, ainsi que le Mus\u00e9e et le Mus\u00e9um de Grenoble.<\/p>\n\n\n\n<div class=\"wp-block-group is-layout-constrained wp-block-group-is-layout-constrained\"><div class=\"wp-block-group__inner-container\">\n<div class=\"wp-block-columns is-layout-flex wp-container-core-columns-layout-1 wp-block-columns-is-layout-flex\">\n<div class=\"wp-block-column is-layout-flow wp-block-column-is-layout-flow\" style=\"flex-basis:100%\">\n<figure class=\"wp-block-gallery has-nested-images columns-default is-cropped wp-block-gallery-3 is-layout-flex wp-block-gallery-is-layout-flex\">\n<figure class=\"wp-block-image size-large\"><img loading=\"lazy\" decoding=\"async\" width=\"682\" height=\"1024\" src=\"https:\/\/mahou-minauds.fr\/wp-content\/uploads\/2024\/05\/03_sorties-6-682x1024.jpeg\" alt=\"\" class=\"wp-image-1177\" srcset=\"https:\/\/mahou-minauds.fr\/wp-content\/uploads\/2024\/05\/03_sorties-6-682x1024.jpeg 682w, https:\/\/mahou-minauds.fr\/wp-content\/uploads\/2024\/05\/03_sorties-6-200x300.jpeg 200w, https:\/\/mahou-minauds.fr\/wp-content\/uploads\/2024\/05\/03_sorties-6-768x1153.jpeg 768w, https:\/\/mahou-minauds.fr\/wp-content\/uploads\/2024\/05\/03_sorties-6-1023x1536.jpeg 1023w, https:\/\/mahou-minauds.fr\/wp-content\/uploads\/2024\/05\/03_sorties-6-900x1351.jpeg 900w, https:\/\/mahou-minauds.fr\/wp-content\/uploads\/2024\/05\/03_sorties-6.jpeg 1066w\" sizes=\"(max-width: 682px) 100vw, 682px\" \/><\/figure>\n\n\n\n<figure class=\"wp-block-image size-large\"><img loading=\"lazy\" decoding=\"async\" width=\"1024\" height=\"768\" src=\"https:\/\/mahou-minauds.fr\/wp-content\/uploads\/2024\/05\/03_sorties-1024x768.jpg\" alt=\"\" class=\"wp-image-1178\" srcset=\"https:\/\/mahou-minauds.fr\/wp-content\/uploads\/2024\/05\/03_sorties-1024x768.jpg 1024w, https:\/\/mahou-minauds.fr\/wp-content\/uploads\/2024\/05\/03_sorties-300x225.jpg 300w, https:\/\/mahou-minauds.fr\/wp-content\/uploads\/2024\/05\/03_sorties-768x576.jpg 768w, https:\/\/mahou-minauds.fr\/wp-content\/uploads\/2024\/05\/03_sorties-1536x1152.jpg 1536w, https:\/\/mahou-minauds.fr\/wp-content\/uploads\/2024\/05\/03_sorties-900x675.jpg 900w, https:\/\/mahou-minauds.fr\/wp-content\/uploads\/2024\/05\/03_sorties-1280x960.jpg 1280w, https:\/\/mahou-minauds.fr\/wp-content\/uploads\/2024\/05\/03_sorties.jpg 1600w\" sizes=\"(max-width: 1024px) 100vw, 1024px\" \/><\/figure>\n<\/figure>\n<\/div>\n<\/div>\n<\/div><\/div>\n\n\n\n<figure class=\"wp-block-gallery has-nested-images columns-default is-cropped wp-block-gallery-4 is-layout-flex wp-block-gallery-is-layout-flex\">\n<figure class=\"wp-block-image size-large\"><img loading=\"lazy\" decoding=\"async\" width=\"1024\" height=\"932\" data-id=\"1193\" src=\"https:\/\/mahou-minauds.fr\/wp-content\/uploads\/2024\/05\/03_sorties-4-1-1024x932.jpeg\" alt=\"\" class=\"wp-image-1193\" srcset=\"https:\/\/mahou-minauds.fr\/wp-content\/uploads\/2024\/05\/03_sorties-4-1-1024x932.jpeg 1024w, https:\/\/mahou-minauds.fr\/wp-content\/uploads\/2024\/05\/03_sorties-4-1-300x273.jpeg 300w, https:\/\/mahou-minauds.fr\/wp-content\/uploads\/2024\/05\/03_sorties-4-1-768x699.jpeg 768w, https:\/\/mahou-minauds.fr\/wp-content\/uploads\/2024\/05\/03_sorties-4-1-900x819.jpeg 900w, https:\/\/mahou-minauds.fr\/wp-content\/uploads\/2024\/05\/03_sorties-4-1-1280x1165.jpeg 1280w, https:\/\/mahou-minauds.fr\/wp-content\/uploads\/2024\/05\/03_sorties-4-1.jpeg 1318w\" sizes=\"(max-width: 1024px) 100vw, 1024px\" \/><\/figure>\n\n\n\n<figure class=\"wp-block-image size-large\"><img loading=\"lazy\" decoding=\"async\" width=\"1024\" height=\"768\" data-id=\"1194\" src=\"https:\/\/mahou-minauds.fr\/wp-content\/uploads\/2024\/05\/03_sorties-5-1-1024x768.jpeg\" alt=\"\" class=\"wp-image-1194\" srcset=\"https:\/\/mahou-minauds.fr\/wp-content\/uploads\/2024\/05\/03_sorties-5-1-1024x768.jpeg 1024w, https:\/\/mahou-minauds.fr\/wp-content\/uploads\/2024\/05\/03_sorties-5-1-300x225.jpeg 300w, https:\/\/mahou-minauds.fr\/wp-content\/uploads\/2024\/05\/03_sorties-5-1-768x576.jpeg 768w, https:\/\/mahou-minauds.fr\/wp-content\/uploads\/2024\/05\/03_sorties-5-1-1536x1152.jpeg 1536w, https:\/\/mahou-minauds.fr\/wp-content\/uploads\/2024\/05\/03_sorties-5-1-900x675.jpeg 900w, https:\/\/mahou-minauds.fr\/wp-content\/uploads\/2024\/05\/03_sorties-5-1-1280x960.jpeg 1280w, https:\/\/mahou-minauds.fr\/wp-content\/uploads\/2024\/05\/03_sorties-5-1.jpeg 1600w\" sizes=\"(max-width: 1024px) 100vw, 1024px\" \/><\/figure>\n<\/figure>\n\n\n\n<p>Au quotidien, des sorties spontan\u00e9es sont organis\u00e9es dans l\u2019environnement proche de l\u2019enfant, avec les professionnel(le)s de la cr\u00e8che : l\u2019exploration des diff\u00e9rents parcs de Grenoble pour toujours \u00eatre au plus proche de la nature, visite au march\u00e9 pour d\u00e9couvrir fleurs, fruits, l\u00e9gumes, poissons, dans les rues du quartier chasser les tags, les chantiers et leurs v\u00e9hicules, identifier des lieux connus ou en d\u00e9couvrir de nouveaux.<\/p>\n\n\n\n<figure class=\"wp-block-image size-large\"><img loading=\"lazy\" decoding=\"async\" width=\"1024\" height=\"768\" src=\"https:\/\/mahou-minauds.fr\/wp-content\/uploads\/2024\/05\/03_sorties-2-2-1024x768.jpeg\" alt=\"\" class=\"wp-image-1196\" srcset=\"https:\/\/mahou-minauds.fr\/wp-content\/uploads\/2024\/05\/03_sorties-2-2-1024x768.jpeg 1024w, https:\/\/mahou-minauds.fr\/wp-content\/uploads\/2024\/05\/03_sorties-2-2-300x225.jpeg 300w, https:\/\/mahou-minauds.fr\/wp-content\/uploads\/2024\/05\/03_sorties-2-2-768x576.jpeg 768w, https:\/\/mahou-minauds.fr\/wp-content\/uploads\/2024\/05\/03_sorties-2-2-1536x1152.jpeg 1536w, https:\/\/mahou-minauds.fr\/wp-content\/uploads\/2024\/05\/03_sorties-2-2-900x675.jpeg 900w, https:\/\/mahou-minauds.fr\/wp-content\/uploads\/2024\/05\/03_sorties-2-2-1280x960.jpeg 1280w, https:\/\/mahou-minauds.fr\/wp-content\/uploads\/2024\/05\/03_sorties-2-2.jpeg 1600w\" sizes=\"(max-width: 1024px) 100vw, 1024px\" \/><\/figure>\n\n\n\n<p><\/p>\n\n\n\n<figure class=\"wp-block-image size-large\"><img loading=\"lazy\" decoding=\"async\" width=\"1024\" height=\"768\" src=\"https:\/\/mahou-minauds.fr\/wp-content\/uploads\/2024\/05\/03_sorties-3-1-1024x768.jpeg\" alt=\"\" class=\"wp-image-1197\" srcset=\"https:\/\/mahou-minauds.fr\/wp-content\/uploads\/2024\/05\/03_sorties-3-1-1024x768.jpeg 1024w, https:\/\/mahou-minauds.fr\/wp-content\/uploads\/2024\/05\/03_sorties-3-1-300x225.jpeg 300w, https:\/\/mahou-minauds.fr\/wp-content\/uploads\/2024\/05\/03_sorties-3-1-768x576.jpeg 768w, https:\/\/mahou-minauds.fr\/wp-content\/uploads\/2024\/05\/03_sorties-3-1-1536x1152.jpeg 1536w, https:\/\/mahou-minauds.fr\/wp-content\/uploads\/2024\/05\/03_sorties-3-1-900x675.jpeg 900w, https:\/\/mahou-minauds.fr\/wp-content\/uploads\/2024\/05\/03_sorties-3-1-1280x960.jpeg 1280w, https:\/\/mahou-minauds.fr\/wp-content\/uploads\/2024\/05\/03_sorties-3-1.jpeg 1600w\" sizes=\"(max-width: 1024px) 100vw, 1024px\" \/><\/figure>\n\n\n\n<p><\/p>\n\n\n\n<figure class=\"wp-block-image size-large\"><img loading=\"lazy\" decoding=\"async\" width=\"1024\" height=\"92\" src=\"http:\/\/mahou-minauds.fr\/wp-content\/uploads\/2024\/03\/split-page-1024x92.jpg\" alt=\"\" class=\"wp-image-1109\" srcset=\"https:\/\/mahou-minauds.fr\/wp-content\/uploads\/2024\/03\/split-page-1024x92.jpg 1024w, https:\/\/mahou-minauds.fr\/wp-content\/uploads\/2024\/03\/split-page-300x27.jpg 300w, https:\/\/mahou-minauds.fr\/wp-content\/uploads\/2024\/03\/split-page-768x69.jpg 768w, https:\/\/mahou-minauds.fr\/wp-content\/uploads\/2024\/03\/split-page-1536x138.jpg 1536w, https:\/\/mahou-minauds.fr\/wp-content\/uploads\/2024\/03\/split-page-2048x184.jpg 2048w, https:\/\/mahou-minauds.fr\/wp-content\/uploads\/2024\/03\/split-page-900x81.jpg 900w, https:\/\/mahou-minauds.fr\/wp-content\/uploads\/2024\/03\/split-page-1280x115.jpg 1280w\" sizes=\"(max-width: 1024px) 100vw, 1024px\" \/><\/figure>\n\n\n\n<h3 class=\"wp-block-heading\"><strong>Pour les parents :<\/strong><\/h3>\n\n\n\n<p>A\u2019 chaque d\u00e9but de saison, les Mahou Minauds organisent le c\u00e9l\u00e8bre <strong>Caf\u00e9 des saisons<\/strong> : l&rsquo;\u00e9quipe de la cr\u00e8che invite les parents \u00e0 un petit-d\u00e9jeuner pour discuter, se rencontrer, \u00e9changer, proposer, faire d\u00e9couvrir les r\u00e9alisations des enfants\u2026 un moment de convivialit\u00e9 et de partage.<br><br>\u00catre parents, ce n&rsquo;est pas toujours facile! Pour accompagner les parents dans leur r\u00f4le au quotidien, la cr\u00e8che organise le <strong>Coin des Parents <\/strong>: des s\u00e9ances d&rsquo;\u00e9changes avec une psychanalyste autour d&rsquo;un th\u00e8me pr\u00e9alablement choisi ensemble (ex : la place de l&rsquo;enfant dans une fratrie, quand l&rsquo;heure du repas devient difficile, le moment de la s\u00e9paration&#8230;). L&rsquo;intervenante r\u00e9pond aux interrogations des parents et leur donne des outils de mise en pratique au quotidien. Ces temps d\u2019accompagnement \u00e0 la parentalit\u00e9 sont gratuits et ouverts \u00e0 tous les parents de la cr\u00e8che.<\/p>\n\n\n\n<figure class=\"wp-block-image size-large\"><img loading=\"lazy\" decoding=\"async\" width=\"1024\" height=\"92\" src=\"http:\/\/mahou-minauds.fr\/wp-content\/uploads\/2024\/03\/split-page-1024x92.jpg\" alt=\"\" class=\"wp-image-1109\" srcset=\"https:\/\/mahou-minauds.fr\/wp-content\/uploads\/2024\/03\/split-page-1024x92.jpg 1024w, https:\/\/mahou-minauds.fr\/wp-content\/uploads\/2024\/03\/split-page-300x27.jpg 300w, https:\/\/mahou-minauds.fr\/wp-content\/uploads\/2024\/03\/split-page-768x69.jpg 768w, https:\/\/mahou-minauds.fr\/wp-content\/uploads\/2024\/03\/split-page-1536x138.jpg 1536w, https:\/\/mahou-minauds.fr\/wp-content\/uploads\/2024\/03\/split-page-2048x184.jpg 2048w, https:\/\/mahou-minauds.fr\/wp-content\/uploads\/2024\/03\/split-page-900x81.jpg 900w, https:\/\/mahou-minauds.fr\/wp-content\/uploads\/2024\/03\/split-page-1280x115.jpg 1280w\" sizes=\"(max-width: 1024px) 100vw, 1024px\" \/><\/figure>\n\n\n\n<h3 class=\"wp-block-heading\">Tous ensemble : <\/h3>\n\n\n\n<p>A\u2019 chaque <strong>anniversaire<\/strong> de votre enfant, la cr\u00e8che vous invite \u00e0 partager le moment du go\u00fbter tous ensemble, pour c\u00e9l\u00e9brer ce moment important pour votre enfant. Le g\u00e2teau est cuisin\u00e9 par les enfants \ud83d\ude42<\/p>\n\n\n\n<figure class=\"wp-block-gallery has-nested-images columns-default is-cropped wp-block-gallery-5 is-layout-flex wp-block-gallery-is-layout-flex\">\n<figure class=\"wp-block-image size-large\"><img loading=\"lazy\" decoding=\"async\" width=\"1024\" height=\"768\" data-id=\"1182\" src=\"https:\/\/mahou-minauds.fr\/wp-content\/uploads\/2024\/05\/04_anniversaire-1024x768.jpeg\" alt=\"\" class=\"wp-image-1182\" srcset=\"https:\/\/mahou-minauds.fr\/wp-content\/uploads\/2024\/05\/04_anniversaire-1024x768.jpeg 1024w, https:\/\/mahou-minauds.fr\/wp-content\/uploads\/2024\/05\/04_anniversaire-300x225.jpeg 300w, https:\/\/mahou-minauds.fr\/wp-content\/uploads\/2024\/05\/04_anniversaire-768x576.jpeg 768w, https:\/\/mahou-minauds.fr\/wp-content\/uploads\/2024\/05\/04_anniversaire-1536x1152.jpeg 1536w, https:\/\/mahou-minauds.fr\/wp-content\/uploads\/2024\/05\/04_anniversaire-900x675.jpeg 900w, https:\/\/mahou-minauds.fr\/wp-content\/uploads\/2024\/05\/04_anniversaire-1280x960.jpeg 1280w, https:\/\/mahou-minauds.fr\/wp-content\/uploads\/2024\/05\/04_anniversaire.jpeg 1600w\" sizes=\"(max-width: 1024px) 100vw, 1024px\" \/><\/figure>\n<\/figure>\n\n\n\n<p>Les parents sont aussi invit\u00e9s \u00e0 participer lors des<strong> Semaines du Go\u00fbt<\/strong>, une occasion pour les enfants de d\u00e9couvrir de nouvelles saveurs et recettes.<\/p>\n\n\n\n<p>La cr\u00e8che ouvre aussi ses portes aux parents r\u00e9guli\u00e8rement pour d\u2019autres <strong>moments conviviaux <\/strong>: la journ\u00e9e cr\u00eapes (chandeleur), la galette des rois, et bien s\u00fbr notre f\u00eate de No\u00ebl et de fin d\u2019ann\u00e9e ! Tout est mis en \u0153uvre pour que les parents se rencontrent et partagent leurs exp\u00e9riences.<\/p>\n\n\n\n<p>Les parents sont invit\u00e9s le plus possible \u00e0 participer ou partager les instants cr\u00e8ches de leurs enfants ; tous les moyens sont bons pour transmettre les informations et v\u00e9cus cr\u00e8che via des transmissions verbales mais \u00e9galement affich\u00e9s, transmis par mail ou par photo via un site internet r\u00e9serv\u00e9 aux familles et \u00e0 l\u2019\u00e9quipe.<\/p>\n\n\n\n<p>Nous utilisons \u00e9galement Mahou, notre mascotte et son carnet de voyage, qui part en week-end ou vacances avec les familles et revient pour raconter ses aventures en mots ainsi qu\u2019en photos. Un \u00e9change dans les deux sens, un vrai partage.<\/p>\n\n\n\n<figure class=\"wp-block-image size-large\"><img loading=\"lazy\" decoding=\"async\" width=\"1024\" height=\"682\" src=\"https:\/\/mahou-minauds.fr\/wp-content\/uploads\/2024\/03\/WhatsApp-Image-2024-03-05-at-14.47.53-1024x682.jpeg\" alt=\"\" class=\"wp-image-1094\" srcset=\"https:\/\/mahou-minauds.fr\/wp-content\/uploads\/2024\/03\/WhatsApp-Image-2024-03-05-at-14.47.53-1024x682.jpeg 1024w, https:\/\/mahou-minauds.fr\/wp-content\/uploads\/2024\/03\/WhatsApp-Image-2024-03-05-at-14.47.53-300x200.jpeg 300w, https:\/\/mahou-minauds.fr\/wp-content\/uploads\/2024\/03\/WhatsApp-Image-2024-03-05-at-14.47.53-768x512.jpeg 768w, https:\/\/mahou-minauds.fr\/wp-content\/uploads\/2024\/03\/WhatsApp-Image-2024-03-05-at-14.47.53-1536x1023.jpeg 1536w, https:\/\/mahou-minauds.fr\/wp-content\/uploads\/2024\/03\/WhatsApp-Image-2024-03-05-at-14.47.53-900x600.jpeg 900w, https:\/\/mahou-minauds.fr\/wp-content\/uploads\/2024\/03\/WhatsApp-Image-2024-03-05-at-14.47.53-1280x853.jpeg 1280w, https:\/\/mahou-minauds.fr\/wp-content\/uploads\/2024\/03\/WhatsApp-Image-2024-03-05-at-14.47.53.jpeg 1600w\" sizes=\"(max-width: 1024px) 100vw, 1024px\" \/><\/figure>\n","protected":false},"excerpt":{"rendered":"<p>Pour les enfants : Au sein de la cr\u00e8che, plusieurs ateliers et activit\u00e9s sont organis\u00e9s. Ces activit\u00e9s sont propos\u00e9es pour r\u00e9pondre aux besoins de tous les enfants, en respectant leur rythme, leur diff\u00e9rences, sans distinction de genre ou de culture. En ce sens, un investissement a \u00e9t\u00e9 fait pour acheter des jeux d\u2019imitation, de soci\u00e9t\u00e9, [&hellip;]<\/p>\n","protected":false},"author":1,"featured_media":0,"parent":0,"menu_order":0,"comment_status":"closed","ping_status":"closed","template":"","meta":{"footnotes":""},"_links":{"self":[{"href":"https:\/\/mahou-minauds.fr\/index.php?rest_route=\/wp\/v2\/pages\/889"}],"collection":[{"href":"https:\/\/mahou-minauds.fr\/index.php?rest_route=\/wp\/v2\/pages"}],"about":[{"href":"https:\/\/mahou-minauds.fr\/index.php?rest_route=\/wp\/v2\/types\/page"}],"author":[{"embeddable":true,"href":"https:\/\/mahou-minauds.fr\/index.php?rest_route=\/wp\/v2\/users\/1"}],"replies":[{"embeddable":true,"href":"https:\/\/mahou-minauds.fr\/index.php?rest_route=%2Fwp%2Fv2%2Fcomments&post=889"}],"version-history":[{"count":12,"href":"https:\/\/mahou-minauds.fr\/index.php?rest_route=\/wp\/v2\/pages\/889\/revisions"}],"predecessor-version":[{"id":1198,"href":"https:\/\/mahou-minauds.fr\/index.php?rest_route=\/wp\/v2\/pages\/889\/revisions\/1198"}],"wp:attachment":[{"href":"https:\/\/mahou-minauds.fr\/index.php?rest_route=%2Fwp%2Fv2%2Fmedia&parent=889"}],"curies":[{"name":"wp","href":"https:\/\/api.w.org\/{rel}","templated":true}]}}