{"id":888,"date":"2024-02-03T21:23:35","date_gmt":"2024-02-03T20:23:35","guid":{"rendered":"https:\/\/mahou-minauds.fr\/?page_id=888"},"modified":"2024-05-21T16:20:19","modified_gmt":"2024-05-21T14:20:19","slug":"les-repas","status":"publish","type":"page","link":"https:\/\/mahou-minauds.fr\/?page_id=888","title":{"rendered":"Une journ\u00e9e en images"},"content":{"rendered":"\n<p><br>Comme le temps reste pour l\u2019enfant une donn\u00e9e abstraite, des micro-activit\u00e9s permettent de s\u00e9quencer sa journ\u00e9e au m\u00eame titre que les rituels mis en place au sein des familles (l\u2019histoire avant de se coucher, par exemple). <strong>Ces s\u00e9quences permettent \u00e0 l\u2019enfant de structurer sa journ\u00e9e et de se projeter dans \u2018l\u2019apr\u00e8s\u2019<\/strong>.<\/p>\n\n\n\n<p>Apr\u00e8s chaque activit\u00e9 vient le rangement. Cette action permet aux petits, en plus de respecter le mat\u00e9riel, de quitter, mettre une fin, se s\u00e9parer, pour entamer autre chose. Avant les repas, un conte, une histoire ou une chanson regroupent tous les enfants autour d\u2019un moment calme qui pr\u00e9pare \u00e0 la suite.<\/p>\n\n\n\n<p>Voici une journ\u00e9e type \u00e0 la cr\u00e8che : <\/p>\n\n\n\n<ol>\n<li><em>accueil, jeux libre<\/em><\/li>\n<\/ol>\n\n\n\n<figure class=\"wp-block-gallery has-nested-images columns-default is-cropped wp-block-gallery-1 is-layout-flex wp-block-gallery-is-layout-flex\">\n<figure class=\"wp-block-image size-large\"><img loading=\"lazy\" decoding=\"async\" width=\"602\" height=\"1024\" data-id=\"1152\" src=\"https:\/\/mahou-minauds.fr\/wp-content\/uploads\/2024\/05\/01_accueil-3-602x1024.jpeg\" alt=\"\" class=\"wp-image-1152\" srcset=\"https:\/\/mahou-minauds.fr\/wp-content\/uploads\/2024\/05\/01_accueil-3-602x1024.jpeg 602w, https:\/\/mahou-minauds.fr\/wp-content\/uploads\/2024\/05\/01_accueil-3-176x300.jpeg 176w, https:\/\/mahou-minauds.fr\/wp-content\/uploads\/2024\/05\/01_accueil-3-768x1306.jpeg 768w, https:\/\/mahou-minauds.fr\/wp-content\/uploads\/2024\/05\/01_accueil-3-903x1536.jpeg 903w, https:\/\/mahou-minauds.fr\/wp-content\/uploads\/2024\/05\/01_accueil-3-900x1530.jpeg 900w, https:\/\/mahou-minauds.fr\/wp-content\/uploads\/2024\/05\/01_accueil-3.jpeg 941w\" sizes=\"(max-width: 602px) 100vw, 602px\" \/><\/figure>\n\n\n\n<figure class=\"wp-block-image size-large\"><img loading=\"lazy\" decoding=\"async\" width=\"995\" height=\"1024\" data-id=\"1154\" src=\"https:\/\/mahou-minauds.fr\/wp-content\/uploads\/2024\/05\/01_accueil-995x1024.jpeg\" alt=\"\" class=\"wp-image-1154\" srcset=\"https:\/\/mahou-minauds.fr\/wp-content\/uploads\/2024\/05\/01_accueil-995x1024.jpeg 995w, https:\/\/mahou-minauds.fr\/wp-content\/uploads\/2024\/05\/01_accueil-291x300.jpeg 291w, https:\/\/mahou-minauds.fr\/wp-content\/uploads\/2024\/05\/01_accueil-768x790.jpeg 768w, https:\/\/mahou-minauds.fr\/wp-content\/uploads\/2024\/05\/01_accueil-900x926.jpeg 900w, https:\/\/mahou-minauds.fr\/wp-content\/uploads\/2024\/05\/01_accueil.jpeg 1199w\" sizes=\"(max-width: 995px) 100vw, 995px\" \/><\/figure>\n<\/figure>\n\n\n\n<p><\/p>\n\n\n\n<figure class=\"wp-block-gallery has-nested-images columns-default is-cropped wp-block-gallery-2 is-layout-flex wp-block-gallery-is-layout-flex\">\n<figure class=\"wp-block-image size-large\"><img loading=\"lazy\" decoding=\"async\" width=\"811\" height=\"1024\" data-id=\"1205\" src=\"https:\/\/mahou-minauds.fr\/wp-content\/uploads\/2024\/05\/01_accueil-2-2-811x1024.jpeg\" alt=\"\" class=\"wp-image-1205\" srcset=\"https:\/\/mahou-minauds.fr\/wp-content\/uploads\/2024\/05\/01_accueil-2-2-811x1024.jpeg 811w, https:\/\/mahou-minauds.fr\/wp-content\/uploads\/2024\/05\/01_accueil-2-2-238x300.jpeg 238w, https:\/\/mahou-minauds.fr\/wp-content\/uploads\/2024\/05\/01_accueil-2-2-768x970.jpeg 768w, https:\/\/mahou-minauds.fr\/wp-content\/uploads\/2024\/05\/01_accueil-2-2-900x1136.jpeg 900w, https:\/\/mahou-minauds.fr\/wp-content\/uploads\/2024\/05\/01_accueil-2-2.jpeg 1200w\" sizes=\"(max-width: 811px) 100vw, 811px\" \/><\/figure>\n<\/figure>\n\n\n\n<p>2. <em>activit\u00e9s, sorties, siestes pour les plus petits, jeux libre<\/em><\/p>\n\n\n\n<figure class=\"wp-block-gallery has-nested-images columns-default is-cropped wp-block-gallery-3 is-layout-flex wp-block-gallery-is-layout-flex\">\n<figure class=\"wp-block-image size-large\"><img loading=\"lazy\" decoding=\"async\" width=\"768\" height=\"1024\" data-id=\"1155\" src=\"https:\/\/mahou-minauds.fr\/wp-content\/uploads\/2024\/05\/02_activites-cuisine-2-768x1024.jpeg\" alt=\"\" class=\"wp-image-1155\" srcset=\"https:\/\/mahou-minauds.fr\/wp-content\/uploads\/2024\/05\/02_activites-cuisine-2-768x1024.jpeg 768w, https:\/\/mahou-minauds.fr\/wp-content\/uploads\/2024\/05\/02_activites-cuisine-2-225x300.jpeg 225w, https:\/\/mahou-minauds.fr\/wp-content\/uploads\/2024\/05\/02_activites-cuisine-2-1152x1536.jpeg 1152w, https:\/\/mahou-minauds.fr\/wp-content\/uploads\/2024\/05\/02_activites-cuisine-2-900x1200.jpeg 900w, https:\/\/mahou-minauds.fr\/wp-content\/uploads\/2024\/05\/02_activites-cuisine-2.jpeg 1200w\" sizes=\"(max-width: 768px) 100vw, 768px\" \/><\/figure>\n\n\n\n<figure class=\"wp-block-image size-large\"><img loading=\"lazy\" decoding=\"async\" width=\"768\" height=\"1024\" data-id=\"1157\" src=\"https:\/\/mahou-minauds.fr\/wp-content\/uploads\/2024\/05\/02_activites-cuisine-1-768x1024.jpeg\" alt=\"\" class=\"wp-image-1157\" srcset=\"https:\/\/mahou-minauds.fr\/wp-content\/uploads\/2024\/05\/02_activites-cuisine-1-768x1024.jpeg 768w, https:\/\/mahou-minauds.fr\/wp-content\/uploads\/2024\/05\/02_activites-cuisine-1-225x300.jpeg 225w, https:\/\/mahou-minauds.fr\/wp-content\/uploads\/2024\/05\/02_activites-cuisine-1-1152x1536.jpeg 1152w, https:\/\/mahou-minauds.fr\/wp-content\/uploads\/2024\/05\/02_activites-cuisine-1-900x1200.jpeg 900w, https:\/\/mahou-minauds.fr\/wp-content\/uploads\/2024\/05\/02_activites-cuisine-1.jpeg 1200w\" sizes=\"(max-width: 768px) 100vw, 768px\" \/><\/figure>\n\n\n\n<figure class=\"wp-block-image size-large\"><img loading=\"lazy\" decoding=\"async\" width=\"768\" height=\"1024\" data-id=\"1158\" src=\"https:\/\/mahou-minauds.fr\/wp-content\/uploads\/2024\/05\/02_activites-sortie-768x1024.jpeg\" alt=\"\" class=\"wp-image-1158\" srcset=\"https:\/\/mahou-minauds.fr\/wp-content\/uploads\/2024\/05\/02_activites-sortie-768x1024.jpeg 768w, https:\/\/mahou-minauds.fr\/wp-content\/uploads\/2024\/05\/02_activites-sortie-225x300.jpeg 225w, https:\/\/mahou-minauds.fr\/wp-content\/uploads\/2024\/05\/02_activites-sortie-1152x1536.jpeg 1152w, https:\/\/mahou-minauds.fr\/wp-content\/uploads\/2024\/05\/02_activites-sortie-900x1200.jpeg 900w, https:\/\/mahou-minauds.fr\/wp-content\/uploads\/2024\/05\/02_activites-sortie.jpeg 1200w\" sizes=\"(max-width: 768px) 100vw, 768px\" \/><\/figure>\n\n\n\n<figure class=\"wp-block-image size-large\"><img loading=\"lazy\" decoding=\"async\" width=\"709\" height=\"1024\" data-id=\"1156\" src=\"https:\/\/mahou-minauds.fr\/wp-content\/uploads\/2024\/05\/02_jeux-2-1-709x1024.jpeg\" alt=\"\" class=\"wp-image-1156\" srcset=\"https:\/\/mahou-minauds.fr\/wp-content\/uploads\/2024\/05\/02_jeux-2-1-709x1024.jpeg 709w, https:\/\/mahou-minauds.fr\/wp-content\/uploads\/2024\/05\/02_jeux-2-1-208x300.jpeg 208w, https:\/\/mahou-minauds.fr\/wp-content\/uploads\/2024\/05\/02_jeux-2-1-768x1110.jpeg 768w, https:\/\/mahou-minauds.fr\/wp-content\/uploads\/2024\/05\/02_jeux-2-1-900x1300.jpeg 900w, https:\/\/mahou-minauds.fr\/wp-content\/uploads\/2024\/05\/02_jeux-2-1.jpeg 996w\" sizes=\"(max-width: 709px) 100vw, 709px\" \/><\/figure>\n\n\n\n<figure class=\"wp-block-image size-large\"><img loading=\"lazy\" decoding=\"async\" width=\"768\" height=\"1024\" data-id=\"1159\" src=\"https:\/\/mahou-minauds.fr\/wp-content\/uploads\/2024\/05\/02_peinture-1-768x1024.jpeg\" alt=\"\" class=\"wp-image-1159\" srcset=\"https:\/\/mahou-minauds.fr\/wp-content\/uploads\/2024\/05\/02_peinture-1-768x1024.jpeg 768w, https:\/\/mahou-minauds.fr\/wp-content\/uploads\/2024\/05\/02_peinture-1-225x300.jpeg 225w, https:\/\/mahou-minauds.fr\/wp-content\/uploads\/2024\/05\/02_peinture-1-1152x1536.jpeg 1152w, https:\/\/mahou-minauds.fr\/wp-content\/uploads\/2024\/05\/02_peinture-1-900x1200.jpeg 900w, https:\/\/mahou-minauds.fr\/wp-content\/uploads\/2024\/05\/02_peinture-1.jpeg 1200w\" sizes=\"(max-width: 768px) 100vw, 768px\" \/><\/figure>\n<\/figure>\n\n\n\n<p><\/p>\n\n\n\n<figure class=\"wp-block-image size-large\"><img loading=\"lazy\" decoding=\"async\" width=\"1024\" height=\"768\" src=\"https:\/\/mahou-minauds.fr\/wp-content\/uploads\/2024\/05\/02_activites-sortie-2-1-1024x768.jpeg\" alt=\"\" class=\"wp-image-1206\" srcset=\"https:\/\/mahou-minauds.fr\/wp-content\/uploads\/2024\/05\/02_activites-sortie-2-1-1024x768.jpeg 1024w, https:\/\/mahou-minauds.fr\/wp-content\/uploads\/2024\/05\/02_activites-sortie-2-1-300x225.jpeg 300w, https:\/\/mahou-minauds.fr\/wp-content\/uploads\/2024\/05\/02_activites-sortie-2-1-768x576.jpeg 768w, https:\/\/mahou-minauds.fr\/wp-content\/uploads\/2024\/05\/02_activites-sortie-2-1-1536x1152.jpeg 1536w, https:\/\/mahou-minauds.fr\/wp-content\/uploads\/2024\/05\/02_activites-sortie-2-1-900x675.jpeg 900w, https:\/\/mahou-minauds.fr\/wp-content\/uploads\/2024\/05\/02_activites-sortie-2-1-1280x960.jpeg 1280w, https:\/\/mahou-minauds.fr\/wp-content\/uploads\/2024\/05\/02_activites-sortie-2-1.jpeg 1600w\" sizes=\"(max-width: 1024px) 100vw, 1024px\" \/><\/figure>\n\n\n\n<p>3. <em>repas<\/em><\/p>\n\n\n\n<div class=\"wp-block-group is-layout-constrained wp-block-group-is-layout-constrained\"><div class=\"wp-block-group__inner-container\">\n<figure class=\"wp-block-gallery has-nested-images columns-default is-cropped wp-block-gallery-4 is-layout-flex wp-block-gallery-is-layout-flex\">\n<figure class=\"wp-block-image size-large\"><img loading=\"lazy\" decoding=\"async\" width=\"1024\" height=\"682\" src=\"https:\/\/mahou-minauds.fr\/wp-content\/uploads\/2024\/05\/03_repas-2-1-1024x682.jpeg\" alt=\"\" class=\"wp-image-1207\" srcset=\"https:\/\/mahou-minauds.fr\/wp-content\/uploads\/2024\/05\/03_repas-2-1-1024x682.jpeg 1024w, https:\/\/mahou-minauds.fr\/wp-content\/uploads\/2024\/05\/03_repas-2-1-300x200.jpeg 300w, https:\/\/mahou-minauds.fr\/wp-content\/uploads\/2024\/05\/03_repas-2-1-768x512.jpeg 768w, https:\/\/mahou-minauds.fr\/wp-content\/uploads\/2024\/05\/03_repas-2-1-1536x1023.jpeg 1536w, https:\/\/mahou-minauds.fr\/wp-content\/uploads\/2024\/05\/03_repas-2-1-900x600.jpeg 900w, https:\/\/mahou-minauds.fr\/wp-content\/uploads\/2024\/05\/03_repas-2-1-1280x853.jpeg 1280w, https:\/\/mahou-minauds.fr\/wp-content\/uploads\/2024\/05\/03_repas-2-1.jpeg 1600w\" sizes=\"(max-width: 1024px) 100vw, 1024px\" \/><\/figure>\n<\/figure>\n<\/div><\/div>\n\n\n\n<p>4. <em>temps calme, changes, soins, lectures<\/em><\/p>\n\n\n\n<figure class=\"wp-block-gallery has-nested-images columns-default is-cropped wp-block-gallery-5 is-layout-flex wp-block-gallery-is-layout-flex\">\n<figure class=\"wp-block-image size-large\"><img loading=\"lazy\" decoding=\"async\" width=\"768\" height=\"1024\" data-id=\"1210\" src=\"https:\/\/mahou-minauds.fr\/wp-content\/uploads\/2024\/05\/04_lectures-1-768x1024.jpeg\" alt=\"\" class=\"wp-image-1210\" srcset=\"https:\/\/mahou-minauds.fr\/wp-content\/uploads\/2024\/05\/04_lectures-1-768x1024.jpeg 768w, https:\/\/mahou-minauds.fr\/wp-content\/uploads\/2024\/05\/04_lectures-1-225x300.jpeg 225w, https:\/\/mahou-minauds.fr\/wp-content\/uploads\/2024\/05\/04_lectures-1-1152x1536.jpeg 1152w, https:\/\/mahou-minauds.fr\/wp-content\/uploads\/2024\/05\/04_lectures-1-900x1200.jpeg 900w, https:\/\/mahou-minauds.fr\/wp-content\/uploads\/2024\/05\/04_lectures-1.jpeg 1200w\" sizes=\"(max-width: 768px) 100vw, 768px\" \/><\/figure>\n\n\n\n<figure class=\"wp-block-image size-large\"><img loading=\"lazy\" decoding=\"async\" width=\"498\" height=\"1024\" data-id=\"1209\" src=\"https:\/\/mahou-minauds.fr\/wp-content\/uploads\/2024\/05\/04_lectures-498x1024.jpg\" alt=\"\" class=\"wp-image-1209\" srcset=\"https:\/\/mahou-minauds.fr\/wp-content\/uploads\/2024\/05\/04_lectures-498x1024.jpg 498w, https:\/\/mahou-minauds.fr\/wp-content\/uploads\/2024\/05\/04_lectures-146x300.jpg 146w, https:\/\/mahou-minauds.fr\/wp-content\/uploads\/2024\/05\/04_lectures.jpg 688w\" sizes=\"(max-width: 498px) 100vw, 498px\" \/><\/figure>\n<\/figure>\n\n\n\n<p>5. <em>sieste<\/em><\/p>\n\n\n\n<p>6. <em>r\u00e9veil, gouter<\/em><\/p>\n\n\n\n<figure class=\"wp-block-image size-large\"><img loading=\"lazy\" decoding=\"async\" width=\"1024\" height=\"682\" src=\"https:\/\/mahou-minauds.fr\/wp-content\/uploads\/2024\/05\/06_gouter-1024x682.jpeg\" alt=\"\" class=\"wp-image-1165\" srcset=\"https:\/\/mahou-minauds.fr\/wp-content\/uploads\/2024\/05\/06_gouter-1024x682.jpeg 1024w, https:\/\/mahou-minauds.fr\/wp-content\/uploads\/2024\/05\/06_gouter-300x200.jpeg 300w, https:\/\/mahou-minauds.fr\/wp-content\/uploads\/2024\/05\/06_gouter-768x512.jpeg 768w, https:\/\/mahou-minauds.fr\/wp-content\/uploads\/2024\/05\/06_gouter-1536x1023.jpeg 1536w, https:\/\/mahou-minauds.fr\/wp-content\/uploads\/2024\/05\/06_gouter-900x600.jpeg 900w, https:\/\/mahou-minauds.fr\/wp-content\/uploads\/2024\/05\/06_gouter-1280x853.jpeg 1280w, https:\/\/mahou-minauds.fr\/wp-content\/uploads\/2024\/05\/06_gouter.jpeg 1600w\" sizes=\"(max-width: 1024px) 100vw, 1024px\" \/><\/figure>\n\n\n\n<p>7. <em>d\u00e9parts, activit\u00e9s, jeux libres<\/em><\/p>\n\n\n\n<figure class=\"wp-block-gallery has-nested-images columns-default is-cropped wp-block-gallery-6 is-layout-flex wp-block-gallery-is-layout-flex\">\n<figure class=\"wp-block-image size-large\"><img loading=\"lazy\" decoding=\"async\" width=\"768\" height=\"1024\" data-id=\"1166\" src=\"https:\/\/mahou-minauds.fr\/wp-content\/uploads\/2024\/05\/07_activite-jeux-768x1024.jpeg\" alt=\"\" class=\"wp-image-1166\" srcset=\"https:\/\/mahou-minauds.fr\/wp-content\/uploads\/2024\/05\/07_activite-jeux-768x1024.jpeg 768w, https:\/\/mahou-minauds.fr\/wp-content\/uploads\/2024\/05\/07_activite-jeux-225x300.jpeg 225w, https:\/\/mahou-minauds.fr\/wp-content\/uploads\/2024\/05\/07_activite-jeux-1152x1536.jpeg 1152w, https:\/\/mahou-minauds.fr\/wp-content\/uploads\/2024\/05\/07_activite-jeux-900x1200.jpeg 900w, https:\/\/mahou-minauds.fr\/wp-content\/uploads\/2024\/05\/07_activite-jeux.jpeg 1200w\" sizes=\"(max-width: 768px) 100vw, 768px\" \/><\/figure>\n\n\n\n<figure class=\"wp-block-image size-large\"><img loading=\"lazy\" decoding=\"async\" width=\"768\" height=\"1024\" data-id=\"1167\" src=\"https:\/\/mahou-minauds.fr\/wp-content\/uploads\/2024\/05\/07_activites-jeux-768x1024.jpeg\" alt=\"\" class=\"wp-image-1167\" srcset=\"https:\/\/mahou-minauds.fr\/wp-content\/uploads\/2024\/05\/07_activites-jeux-768x1024.jpeg 768w, https:\/\/mahou-minauds.fr\/wp-content\/uploads\/2024\/05\/07_activites-jeux-225x300.jpeg 225w, https:\/\/mahou-minauds.fr\/wp-content\/uploads\/2024\/05\/07_activites-jeux-1152x1536.jpeg 1152w, https:\/\/mahou-minauds.fr\/wp-content\/uploads\/2024\/05\/07_activites-jeux-900x1200.jpeg 900w, https:\/\/mahou-minauds.fr\/wp-content\/uploads\/2024\/05\/07_activites-jeux.jpeg 1200w\" sizes=\"(max-width: 768px) 100vw, 768px\" \/><\/figure>\n\n\n\n<figure class=\"wp-block-image size-large\"><img loading=\"lazy\" decoding=\"async\" width=\"768\" height=\"1024\" data-id=\"1168\" src=\"https:\/\/mahou-minauds.fr\/wp-content\/uploads\/2024\/05\/07_Piscine-a-balles-768x1024.jpeg\" alt=\"\" class=\"wp-image-1168\" srcset=\"https:\/\/mahou-minauds.fr\/wp-content\/uploads\/2024\/05\/07_Piscine-a-balles-768x1024.jpeg 768w, https:\/\/mahou-minauds.fr\/wp-content\/uploads\/2024\/05\/07_Piscine-a-balles-225x300.jpeg 225w, https:\/\/mahou-minauds.fr\/wp-content\/uploads\/2024\/05\/07_Piscine-a-balles-1152x1536.jpeg 1152w, https:\/\/mahou-minauds.fr\/wp-content\/uploads\/2024\/05\/07_Piscine-a-balles-900x1200.jpeg 900w, https:\/\/mahou-minauds.fr\/wp-content\/uploads\/2024\/05\/07_Piscine-a-balles.jpeg 1200w\" sizes=\"(max-width: 768px) 100vw, 768px\" \/><\/figure>\n\n\n\n<figure class=\"wp-block-image size-large\"><img loading=\"lazy\" decoding=\"async\" width=\"825\" height=\"1024\" data-id=\"1169\" src=\"https:\/\/mahou-minauds.fr\/wp-content\/uploads\/2024\/05\/07_sentoriel-825x1024.jpeg\" alt=\"\" class=\"wp-image-1169\" srcset=\"https:\/\/mahou-minauds.fr\/wp-content\/uploads\/2024\/05\/07_sentoriel-825x1024.jpeg 825w, https:\/\/mahou-minauds.fr\/wp-content\/uploads\/2024\/05\/07_sentoriel-242x300.jpeg 242w, https:\/\/mahou-minauds.fr\/wp-content\/uploads\/2024\/05\/07_sentoriel-768x954.jpeg 768w, https:\/\/mahou-minauds.fr\/wp-content\/uploads\/2024\/05\/07_sentoriel-900x1118.jpeg 900w, https:\/\/mahou-minauds.fr\/wp-content\/uploads\/2024\/05\/07_sentoriel.jpeg 1199w\" sizes=\"(max-width: 825px) 100vw, 825px\" \/><\/figure>\n<\/figure>\n\n\n\n<p><\/p>\n","protected":false},"excerpt":{"rendered":"<p>Comme le temps reste pour l\u2019enfant une donn\u00e9e abstraite, des micro-activit\u00e9s permettent de s\u00e9quencer sa journ\u00e9e au m\u00eame titre que les rituels mis en place au sein des familles (l\u2019histoire avant de se coucher, par exemple). Ces s\u00e9quences permettent \u00e0 l\u2019enfant de structurer sa journ\u00e9e et de se projeter dans \u2018l\u2019apr\u00e8s\u2019. Apr\u00e8s chaque activit\u00e9 vient [&hellip;]<\/p>\n","protected":false},"author":1,"featured_media":0,"parent":0,"menu_order":0,"comment_status":"closed","ping_status":"closed","template":"","meta":{"footnotes":""},"_links":{"self":[{"href":"https:\/\/mahou-minauds.fr\/index.php?rest_route=\/wp\/v2\/pages\/888"}],"collection":[{"href":"https:\/\/mahou-minauds.fr\/index.php?rest_route=\/wp\/v2\/pages"}],"about":[{"href":"https:\/\/mahou-minauds.fr\/index.php?rest_route=\/wp\/v2\/types\/page"}],"author":[{"embeddable":true,"href":"https:\/\/mahou-minauds.fr\/index.php?rest_route=\/wp\/v2\/users\/1"}],"replies":[{"embeddable":true,"href":"https:\/\/mahou-minauds.fr\/index.php?rest_route=%2Fwp%2Fv2%2Fcomments&post=888"}],"version-history":[{"count":10,"href":"https:\/\/mahou-minauds.fr\/index.php?rest_route=\/wp\/v2\/pages\/888\/revisions"}],"predecessor-version":[{"id":1211,"href":"https:\/\/mahou-minauds.fr\/index.php?rest_route=\/wp\/v2\/pages\/888\/revisions\/1211"}],"wp:attachment":[{"href":"https:\/\/mahou-minauds.fr\/index.php?rest_route=%2Fwp%2Fv2%2Fmedia&parent=888"}],"curies":[{"name":"wp","href":"https:\/\/api.w.org\/{rel}","templated":true}]}}