{"id":885,"date":"2024-02-03T21:23:34","date_gmt":"2024-02-03T20:23:34","guid":{"rendered":"https:\/\/mahou-minauds.fr\/?page_id=885"},"modified":"2024-05-17T12:38:30","modified_gmt":"2024-05-17T10:38:30","slug":"le-projet-pedagogique","status":"publish","type":"page","link":"https:\/\/mahou-minauds.fr\/?page_id=885","title":{"rendered":"La p\u00e9dagogie"},"content":{"rendered":"\n<p><br>Le projet p\u00e9dagogique de la cr\u00e8che d\u00e9finit les valeurs essentielles sur lesquelles reposent le fonctionnement de la cr\u00e8che et le travail de l\u2019\u00e9quipe. Il donne le fil conducteur qui guide le quotidien de l\u2019\u00e9tablissement, et donc celui de nos enfants. Parce que parents comme professionnels ne doivent jamais cesser de penser \u00e0 leur implication, ce projet \u00e9ducatif, base de l\u2019orientation p\u00e9dagogique, se veut en constante \u00e9volution \u00e0 travers le temps, avec les enfants, les familles et professionnels qui passent \u00e0 la cr\u00e8che. Nos valeurs seront partag\u00e9es, discut\u00e9es, ajust\u00e9es pour le bien-\u00eatre de tous.<\/p>\n\n\n\n<p>Cette orientation p\u00e9dagogique porte les Mahou Minauds vers la collectivit\u00e9 tout en pr\u00e9servant l\u2019individualit\u00e9, l\u2019int\u00e9grit\u00e9 de chacun. L\u2019adulte stimule, accompagne et encourage l\u2019enfant dans son apprentissage et son d\u00e9sir de faire seul. Notre objectif est de cr\u00e9er un climat de confiance et d\u2019\u00e9coute r\u00e9ciproque entre personnel de la cr\u00e8che, parents et, bien sur, les enfants. Si la cr\u00e8che est avant tout un lieu d\u2019accueil pour les enfants, c\u2019est aussi un lieu de rencontre et d\u2019\u00e9change entre adultes, l\u2019enfant restant fondamentalement au c\u0153ur des pr\u00e9occupations de tous.<\/p>\n\n\n<div style=\"text-align:center;\"><iframe loading=\"lazy\" src=\"\/\/v.calameo.com\/?bkcode=0034638090c11a1f1126e&#038;mode=mini&#038;showsharemenu=false&#038;clickto=view&#038;clicktarget=_self\" width=\"560\" height=\"350\" frameborder=\"0\" scrolling=\"no\" allowtransparency allowfullscreen style=\"margin:0 auto;\"><\/iframe><\/p>\n<div style=\"margin:4px 0px 8px;\"><a href=\"http:\/\/www.calameo.com\/\" target=\"_blank\" rel=\"noopener\"><\/a><\/div>\n<\/div>\n\n\n<p>Nous partageons les valeurs synth\u00e9tis\u00e9es dans la \u00ab <strong>charte nationale pour l\u2019accueil du jeune enfant<\/strong> \u00bb. Cette charte d\u00e9finit en effet la base et le fil conducteur de notre pratique quotidienne \u00e0 la cr\u00e8che.<\/p>\n\n\n\n<figure class=\"wp-block-gallery has-nested-images columns-default is-cropped wp-block-gallery-1 is-layout-flex wp-block-gallery-is-layout-flex\">\n<figure class=\"wp-block-image size-large\"><img loading=\"lazy\" decoding=\"async\" width=\"683\" height=\"960\" data-id=\"915\" src=\"https:\/\/mahou-minauds.fr\/wp-content\/uploads\/2024\/02\/128870240_o.jpg\" alt=\"\" class=\"wp-image-915\" srcset=\"https:\/\/mahou-minauds.fr\/wp-content\/uploads\/2024\/02\/128870240_o.jpg 683w, https:\/\/mahou-minauds.fr\/wp-content\/uploads\/2024\/02\/128870240_o-213x300.jpg 213w\" sizes=\"(max-width: 683px) 100vw, 683px\" \/><\/figure>\n<\/figure>\n","protected":false},"excerpt":{"rendered":"<p>Le projet p\u00e9dagogique de la cr\u00e8che d\u00e9finit les valeurs essentielles sur lesquelles reposent le fonctionnement de la cr\u00e8che et le travail de l\u2019\u00e9quipe. Il donne le fil conducteur qui guide le quotidien de l\u2019\u00e9tablissement, et donc celui de nos enfants. Parce que parents comme professionnels ne doivent jamais cesser de penser \u00e0 leur implication, ce [&hellip;]<\/p>\n","protected":false},"author":1,"featured_media":0,"parent":0,"menu_order":0,"comment_status":"closed","ping_status":"closed","template":"","meta":{"footnotes":""},"_links":{"self":[{"href":"https:\/\/mahou-minauds.fr\/index.php?rest_route=\/wp\/v2\/pages\/885"}],"collection":[{"href":"https:\/\/mahou-minauds.fr\/index.php?rest_route=\/wp\/v2\/pages"}],"about":[{"href":"https:\/\/mahou-minauds.fr\/index.php?rest_route=\/wp\/v2\/types\/page"}],"author":[{"embeddable":true,"href":"https:\/\/mahou-minauds.fr\/index.php?rest_route=\/wp\/v2\/users\/1"}],"replies":[{"embeddable":true,"href":"https:\/\/mahou-minauds.fr\/index.php?rest_route=%2Fwp%2Fv2%2Fcomments&post=885"}],"version-history":[{"count":17,"href":"https:\/\/mahou-minauds.fr\/index.php?rest_route=\/wp\/v2\/pages\/885\/revisions"}],"predecessor-version":[{"id":1140,"href":"https:\/\/mahou-minauds.fr\/index.php?rest_route=\/wp\/v2\/pages\/885\/revisions\/1140"}],"wp:attachment":[{"href":"https:\/\/mahou-minauds.fr\/index.php?rest_route=%2Fwp%2Fv2%2Fmedia&parent=885"}],"curies":[{"name":"wp","href":"https:\/\/api.w.org\/{rel}","templated":true}]}}