{"id":883,"date":"2024-02-03T21:23:34","date_gmt":"2024-02-03T20:23:34","guid":{"rendered":"https:\/\/mahou-minauds.fr\/?page_id=883"},"modified":"2024-05-21T16:16:51","modified_gmt":"2024-05-21T14:16:51","slug":"les-mahous-en-images","status":"publish","type":"page","link":"https:\/\/mahou-minauds.fr\/?page_id=883","title":{"rendered":"La cr\u00e8che en images"},"content":{"rendered":"\n<p><br>La cr\u00e8che Mahou Minauds se d\u00e9veloppe sur deux \u00e9tages avec une petite cour int\u00e9rieure.<\/p>\n\n\n\n<p>L\u2019espace au rez-de-chauss\u00e9 dispose de 3 salles distinctes pour permettre aux petits, moyens et grands des activit\u00e9s en espaces separ\u00e9s, si n\u00e9cessaire au long de la journ\u00e9e. Les dortoirs pour les petits et les grands se trouvent legerement en retrait par rapport aux espaces de jeux, pour permettre \u00e0 tout le monde de se reposer si jamais des activit\u00e9s sont en cours ailleurs.<\/p>\n\n\n\n<p>Le salle de change et toilettes se trouve entre l\u2019espace jour et l\u2019espace nuit.<\/p>\n\n\n\n<p>A l\u2019etage on trouve trois espaces distincts : une piscine a balles, un espace jeux d\u2019imitations et un espace motricit\u00e9, ou les enfants peuvent se d\u00e9fouler tout en \u00e9tant en securit\u00e9.<\/p>\n\n\n\n<figure class=\"wp-block-gallery has-nested-images columns-default is-cropped wp-block-gallery-1 is-layout-flex wp-block-gallery-is-layout-flex\">\n<figure class=\"wp-block-image size-large\"><img loading=\"lazy\" decoding=\"async\" width=\"576\" height=\"1024\" data-id=\"1184\" src=\"https:\/\/mahou-minauds.fr\/wp-content\/uploads\/2024\/05\/03_repas-copy-576x1024.jpeg\" alt=\"\" class=\"wp-image-1184\" srcset=\"https:\/\/mahou-minauds.fr\/wp-content\/uploads\/2024\/05\/03_repas-copy-576x1024.jpeg 576w, https:\/\/mahou-minauds.fr\/wp-content\/uploads\/2024\/05\/03_repas-copy-169x300.jpeg 169w, https:\/\/mahou-minauds.fr\/wp-content\/uploads\/2024\/05\/03_repas-copy-768x1366.jpeg 768w, https:\/\/mahou-minauds.fr\/wp-content\/uploads\/2024\/05\/03_repas-copy-864x1536.jpeg 864w, https:\/\/mahou-minauds.fr\/wp-content\/uploads\/2024\/05\/03_repas-copy.jpeg 899w\" sizes=\"(max-width: 576px) 100vw, 576px\" \/><\/figure>\n\n\n\n<figure class=\"wp-block-image size-large\"><img loading=\"lazy\" decoding=\"async\" width=\"768\" height=\"1024\" data-id=\"1185\" src=\"https:\/\/mahou-minauds.fr\/wp-content\/uploads\/2024\/05\/04_espace-motricite-768x1024.jpeg\" alt=\"\" class=\"wp-image-1185\" srcset=\"https:\/\/mahou-minauds.fr\/wp-content\/uploads\/2024\/05\/04_espace-motricite-768x1024.jpeg 768w, https:\/\/mahou-minauds.fr\/wp-content\/uploads\/2024\/05\/04_espace-motricite-225x300.jpeg 225w, https:\/\/mahou-minauds.fr\/wp-content\/uploads\/2024\/05\/04_espace-motricite-1152x1536.jpeg 1152w, https:\/\/mahou-minauds.fr\/wp-content\/uploads\/2024\/05\/04_espace-motricite-900x1200.jpeg 900w, https:\/\/mahou-minauds.fr\/wp-content\/uploads\/2024\/05\/04_espace-motricite.jpeg 1200w\" sizes=\"(max-width: 768px) 100vw, 768px\" \/><\/figure>\n<\/figure>\n\n\n\n<p><\/p>\n\n\n\n<figure class=\"wp-block-image size-large\"><img loading=\"lazy\" decoding=\"async\" width=\"1024\" height=\"768\" src=\"https:\/\/mahou-minauds.fr\/wp-content\/uploads\/2024\/05\/WhatsApp-Image-2024-05-17-at-11.15.44-2-1024x768.jpeg\" alt=\"\" class=\"wp-image-1200\" srcset=\"https:\/\/mahou-minauds.fr\/wp-content\/uploads\/2024\/05\/WhatsApp-Image-2024-05-17-at-11.15.44-2-1024x768.jpeg 1024w, https:\/\/mahou-minauds.fr\/wp-content\/uploads\/2024\/05\/WhatsApp-Image-2024-05-17-at-11.15.44-2-300x225.jpeg 300w, https:\/\/mahou-minauds.fr\/wp-content\/uploads\/2024\/05\/WhatsApp-Image-2024-05-17-at-11.15.44-2-768x576.jpeg 768w, https:\/\/mahou-minauds.fr\/wp-content\/uploads\/2024\/05\/WhatsApp-Image-2024-05-17-at-11.15.44-2-1536x1152.jpeg 1536w, https:\/\/mahou-minauds.fr\/wp-content\/uploads\/2024\/05\/WhatsApp-Image-2024-05-17-at-11.15.44-2-900x675.jpeg 900w, https:\/\/mahou-minauds.fr\/wp-content\/uploads\/2024\/05\/WhatsApp-Image-2024-05-17-at-11.15.44-2-1280x960.jpeg 1280w, https:\/\/mahou-minauds.fr\/wp-content\/uploads\/2024\/05\/WhatsApp-Image-2024-05-17-at-11.15.44-2.jpeg 1600w\" sizes=\"(max-width: 1024px) 100vw, 1024px\" \/><\/figure>\n\n\n\n<p><\/p>\n\n\n\n<figure class=\"wp-block-image size-large\"><img loading=\"lazy\" decoding=\"async\" width=\"813\" height=\"1024\" src=\"https:\/\/mahou-minauds.fr\/wp-content\/uploads\/2024\/05\/WhatsApp-Image-2024-05-17-at-11.58.10-1-813x1024.jpeg\" alt=\"\" class=\"wp-image-1201\" srcset=\"https:\/\/mahou-minauds.fr\/wp-content\/uploads\/2024\/05\/WhatsApp-Image-2024-05-17-at-11.58.10-1-813x1024.jpeg 813w, https:\/\/mahou-minauds.fr\/wp-content\/uploads\/2024\/05\/WhatsApp-Image-2024-05-17-at-11.58.10-1-238x300.jpeg 238w, https:\/\/mahou-minauds.fr\/wp-content\/uploads\/2024\/05\/WhatsApp-Image-2024-05-17-at-11.58.10-1-768x967.jpeg 768w, https:\/\/mahou-minauds.fr\/wp-content\/uploads\/2024\/05\/WhatsApp-Image-2024-05-17-at-11.58.10-1-900x1133.jpeg 900w, https:\/\/mahou-minauds.fr\/wp-content\/uploads\/2024\/05\/WhatsApp-Image-2024-05-17-at-11.58.10-1.jpeg 1200w\" sizes=\"(max-width: 813px) 100vw, 813px\" \/><\/figure>\n","protected":false},"excerpt":{"rendered":"<p>La cr\u00e8che Mahou Minauds se d\u00e9veloppe sur deux \u00e9tages avec une petite cour int\u00e9rieure. L\u2019espace au rez-de-chauss\u00e9 dispose de 3 salles distinctes pour permettre aux petits, moyens et grands des activit\u00e9s en espaces separ\u00e9s, si n\u00e9cessaire au long de la journ\u00e9e. Les dortoirs pour les petits et les grands se trouvent legerement en retrait par [&hellip;]<\/p>\n","protected":false},"author":1,"featured_media":0,"parent":0,"menu_order":0,"comment_status":"closed","ping_status":"closed","template":"","meta":{"footnotes":""},"_links":{"self":[{"href":"https:\/\/mahou-minauds.fr\/index.php?rest_route=\/wp\/v2\/pages\/883"}],"collection":[{"href":"https:\/\/mahou-minauds.fr\/index.php?rest_route=\/wp\/v2\/pages"}],"about":[{"href":"https:\/\/mahou-minauds.fr\/index.php?rest_route=\/wp\/v2\/types\/page"}],"author":[{"embeddable":true,"href":"https:\/\/mahou-minauds.fr\/index.php?rest_route=\/wp\/v2\/users\/1"}],"replies":[{"embeddable":true,"href":"https:\/\/mahou-minauds.fr\/index.php?rest_route=%2Fwp%2Fv2%2Fcomments&post=883"}],"version-history":[{"count":9,"href":"https:\/\/mahou-minauds.fr\/index.php?rest_route=\/wp\/v2\/pages\/883\/revisions"}],"predecessor-version":[{"id":1202,"href":"https:\/\/mahou-minauds.fr\/index.php?rest_route=\/wp\/v2\/pages\/883\/revisions\/1202"}],"wp:attachment":[{"href":"https:\/\/mahou-minauds.fr\/index.php?rest_route=%2Fwp%2Fv2%2Fmedia&parent=883"}],"curies":[{"name":"wp","href":"https:\/\/api.w.org\/{rel}","templated":true}]}}