{"id":882,"date":"2024-02-03T21:23:34","date_gmt":"2024-02-03T20:23:34","guid":{"rendered":"https:\/\/mahou-minauds.fr\/?page_id=882"},"modified":"2024-03-05T12:20:41","modified_gmt":"2024-03-05T11:20:41","slug":"les-types-daccueil","status":"publish","type":"page","link":"https:\/\/mahou-minauds.fr\/?page_id=882","title":{"rendered":"Les types d&rsquo;accueil"},"content":{"rendered":"\n<p><br>La cr\u00e8che est ouverte de 8h \u00e0 18h du lundi au vendredi, et accueille simultan\u00e9ment 18 enfants de 2 mois 1\/2 \u00e0 6 ans dont les parents habitent ou travaillent pr\u00e9f\u00e9rentiellement dans le secteur 2.<\/p>\n\n\n\n<p>La structure est ferm\u00e9e 5 semaines par an, ainsi que les jours f\u00e9ri\u00e9s :<\/p>\n\n\n\n<ul>\n<li>1 semaine autour de No\u00ebl et du Jour de l\u2019an<\/li>\n\n\n\n<li>4 semaines au mois d\u2019Ao\u00fbt<\/li>\n\n\n\n<li>les jours f\u00e9ri\u00e9s pr\u00e9cis\u00e9s sur les contrats<\/li>\n<\/ul>\n\n\n\n<p>S\u2019agissant d\u2019une cr\u00e8che associative mais pas priv\u00e9e, les parents paient leurs factures en fonction de leur quotient familial apr\u00e8s s&rsquo;\u00eatre acquitt\u00e9s d&rsquo;une adh\u00e9sion \u00e0 l\u2019association de 50\u20ac pour l&rsquo;ann\u00e9e.<\/p>\n\n\n\n<p>Le taux horaire appliqu\u00e9, quel que soit le mode d\u2019accueil (r\u00e9gulier, occasionnel ou d\u2019urgence), d\u00e9pend de la base ressource calcul\u00e9e par la CAF et de la composition des familles. L\u2019alimentation des enfants (repas et go\u00fbter) et les couches sont pris en charge par la cr\u00e8che.<\/p>\n\n\n\n<p>La cr\u00e8che propose 3 types d&rsquo;accueil :<\/p>\n\n\n\n<ul>\n<li><strong>accueil r\u00e9gulier fixe <\/strong>\u00e0 temps partiel ou complet (pour les besoins de garde connus \u00e0 l\u2019avance et contractualis\u00e9s)<\/li>\n\n\n\n<li><strong>accueil occasionnel<\/strong>, \u00e0 la demande et en fonction des possibilit\u00e9s de la cr\u00e8che (lorsque les besoins sont ponctuels et non r\u00e9currents)<\/li>\n\n\n\n<li><strong>accueil d&rsquo;urgence <\/strong>(lorsque les besoins des familles ne peuvent pas \u00eatre anticip\u00e9s, ce type d\u2019accueil r\u00e9pond \u00e0 une urgence sur une dur\u00e9e limit\u00e9e)<\/li>\n<\/ul>\n\n\n\n<p>Une <strong>p\u00e9riode d\u2019adaptation <\/strong>est obligatoire pour tous les nouveaux enfants inscrits (sauf situations d\u2019urgence), elle a pour but de mettre en lien, rassurer, et faciliter la s\u00e9paration et le passage \u00e0 la collectivit\u00e9. L\u2019adaptation se fait en \u00e9troite communication avec les professionnels de la cr\u00e8che et selon un calendrier progressif \u00e9tabli avec les parents. Cette p\u00e9riode dure environ 5 jours, et peut s\u2019adapter en longueur selon les besoins des enfants.<\/p>\n","protected":false},"excerpt":{"rendered":"<p>La cr\u00e8che est ouverte de 8h \u00e0 18h du lundi au vendredi, et accueille simultan\u00e9ment 18 enfants de 2 mois 1\/2 \u00e0 6 ans dont les parents habitent ou travaillent pr\u00e9f\u00e9rentiellement dans le secteur 2. La structure est ferm\u00e9e 5 semaines par an, ainsi que les jours f\u00e9ri\u00e9s : S\u2019agissant d\u2019une cr\u00e8che associative mais pas [&hellip;]<\/p>\n","protected":false},"author":1,"featured_media":0,"parent":0,"menu_order":0,"comment_status":"closed","ping_status":"closed","template":"","meta":{"footnotes":""},"_links":{"self":[{"href":"https:\/\/mahou-minauds.fr\/index.php?rest_route=\/wp\/v2\/pages\/882"}],"collection":[{"href":"https:\/\/mahou-minauds.fr\/index.php?rest_route=\/wp\/v2\/pages"}],"about":[{"href":"https:\/\/mahou-minauds.fr\/index.php?rest_route=\/wp\/v2\/types\/page"}],"author":[{"embeddable":true,"href":"https:\/\/mahou-minauds.fr\/index.php?rest_route=\/wp\/v2\/users\/1"}],"replies":[{"embeddable":true,"href":"https:\/\/mahou-minauds.fr\/index.php?rest_route=%2Fwp%2Fv2%2Fcomments&post=882"}],"version-history":[{"count":4,"href":"https:\/\/mahou-minauds.fr\/index.php?rest_route=\/wp\/v2\/pages\/882\/revisions"}],"predecessor-version":[{"id":1070,"href":"https:\/\/mahou-minauds.fr\/index.php?rest_route=\/wp\/v2\/pages\/882\/revisions\/1070"}],"wp:attachment":[{"href":"https:\/\/mahou-minauds.fr\/index.php?rest_route=%2Fwp%2Fv2%2Fmedia&parent=882"}],"curies":[{"name":"wp","href":"https:\/\/api.w.org\/{rel}","templated":true}]}}