{"id":879,"date":"2024-02-03T21:17:48","date_gmt":"2024-02-03T20:17:48","guid":{"rendered":"https:\/\/mahou-minauds.fr\/?page_id=879"},"modified":"2024-03-20T15:49:46","modified_gmt":"2024-03-20T14:49:46","slug":"lequipe","status":"publish","type":"page","link":"https:\/\/mahou-minauds.fr\/?page_id=879","title":{"rendered":"L&rsquo;\u00e9quipe"},"content":{"rendered":"\n<p><br>L&rsquo;<strong>\u00e9quipe de la cr\u00e8che<\/strong> Mahou Minauds est constitu\u00e9e de :<\/p>\n\n\n\n<ul>\n<li>1 directrice, psychomotricienne, \u00e9ducatrice de jeunes enfants<\/li>\n\n\n\n<li>1 directrice adjointe, \u00e9ducatrice de jeunes enfants<\/li>\n\n\n\n<li>1 \u00e9ducatrice de jeunes enfants<\/li>\n\n\n\n<li>4 C.A.P. accompagnantes \u00e9ducatives petite enfance<\/li>\n\n\n\n<li>Des stagiaires en formation (3\u00e8me, seconde, CAP AEPE, auxiliaire de pu\u00e9riculture, EJE, p\u00f4le emploi\u2026)<\/li>\n\n\n\n<li>1 apprentie EJE<\/li>\n<\/ul>\n\n\n\n<p>Afin d\u2019offrir un accueil de qualit\u00e9 aux enfants et \u00e0 leur famille, notre \u00e9quipe pluridisciplinaire suit au moins une formation par an pour approfondir ou d\u00e9velopper de nouvelles connaissances.<\/p>\n\n\n\n<figure class=\"wp-block-image size-large\"><img loading=\"lazy\" decoding=\"async\" width=\"1024\" height=\"92\" src=\"http:\/\/mahou-minauds.fr\/wp-content\/uploads\/2024\/03\/split-page-1024x92.jpg\" alt=\"\" class=\"wp-image-1109\" srcset=\"https:\/\/mahou-minauds.fr\/wp-content\/uploads\/2024\/03\/split-page-1024x92.jpg 1024w, https:\/\/mahou-minauds.fr\/wp-content\/uploads\/2024\/03\/split-page-300x27.jpg 300w, https:\/\/mahou-minauds.fr\/wp-content\/uploads\/2024\/03\/split-page-768x69.jpg 768w, https:\/\/mahou-minauds.fr\/wp-content\/uploads\/2024\/03\/split-page-1536x138.jpg 1536w, https:\/\/mahou-minauds.fr\/wp-content\/uploads\/2024\/03\/split-page-2048x184.jpg 2048w, https:\/\/mahou-minauds.fr\/wp-content\/uploads\/2024\/03\/split-page-900x81.jpg 900w, https:\/\/mahou-minauds.fr\/wp-content\/uploads\/2024\/03\/split-page-1280x115.jpg 1280w\" sizes=\"(max-width: 1024px) 100vw, 1024px\" \/><\/figure>\n\n\n\n<p>L\u2019<strong>association Mahou Minauds<\/strong> est compos\u00e9e de parents membres du Bureau, dont :<\/p>\n\n\n\n<ul>\n<li>1 pr\u00e9sident ou pr\u00e9sidente<\/li>\n\n\n\n<li>1 vice-pr\u00e9sident ou vice-pr\u00e9sidente<\/li>\n\n\n\n<li>1 tr\u00e9sorier ou tr\u00e9sori\u00e8re<\/li>\n\n\n\n<li>1 vice-tr\u00e9sorier ou vice-tr\u00e9sori\u00e8re<\/li>\n\n\n\n<li>1 secr\u00e9taire<\/li>\n\n\n\n<li>1 vice-secr\u00e9taire <\/li>\n\n\n\n<li>Des autres parents membres du CA (entre 2 et 5 personnes)<\/li>\n<\/ul>\n\n\n\n<p>Le Conseil d\u2019Administration des Mahou Minauds se retrouve une fois par mois dans les locaux de la cr\u00e8che pour discuter des actualit\u00e9s et des d\u00e9cisions \u00e0 valider par le conseil.<\/p>\n\n\n\n<figure class=\"wp-block-image size-large\"><img loading=\"lazy\" decoding=\"async\" width=\"1024\" height=\"92\" src=\"http:\/\/mahou-minauds.fr\/wp-content\/uploads\/2024\/03\/split-page-1024x92.jpg\" alt=\"\" class=\"wp-image-1109\" srcset=\"https:\/\/mahou-minauds.fr\/wp-content\/uploads\/2024\/03\/split-page-1024x92.jpg 1024w, https:\/\/mahou-minauds.fr\/wp-content\/uploads\/2024\/03\/split-page-300x27.jpg 300w, https:\/\/mahou-minauds.fr\/wp-content\/uploads\/2024\/03\/split-page-768x69.jpg 768w, https:\/\/mahou-minauds.fr\/wp-content\/uploads\/2024\/03\/split-page-1536x138.jpg 1536w, https:\/\/mahou-minauds.fr\/wp-content\/uploads\/2024\/03\/split-page-2048x184.jpg 2048w, https:\/\/mahou-minauds.fr\/wp-content\/uploads\/2024\/03\/split-page-900x81.jpg 900w, https:\/\/mahou-minauds.fr\/wp-content\/uploads\/2024\/03\/split-page-1280x115.jpg 1280w\" sizes=\"(max-width: 1024px) 100vw, 1024px\" \/><\/figure>\n\n\n\n<p>Les<strong> intervenants ext\u00e9rieurs <\/strong>au sein de la structure :<\/p>\n\n\n\n<ul>\n<li>1 m\u00e9decin r\u00e9f\u00e9rent(e) sant\u00e9 et accueil inclusif<\/li>\n\n\n\n<li>1 psychologue qui accompagne l\u2019\u00e9quipe en analyse de la pratique<\/li>\n\n\n\n<li>1 psychologue qui anime des soir\u00e9es \u00e0 th\u00e8me pour les parents (Le Coin des Parents)<\/li>\n\n\n\n<li>L\u2019Association des Collectifs Enfants Parents Professionnel.le.s (<a href=\"https:\/\/www.acepp38.fr\/\" data-type=\"link\" data-id=\"https:\/\/www.acepp38.fr\/\" target=\"_blank\" rel=\"noreferrer noopener\">Acepp 38<\/a>)<\/li>\n<\/ul>\n","protected":false},"excerpt":{"rendered":"<p>L&rsquo;\u00e9quipe de la cr\u00e8che Mahou Minauds est constitu\u00e9e de : Afin d\u2019offrir un accueil de qualit\u00e9 aux enfants et \u00e0 leur famille, notre \u00e9quipe pluridisciplinaire suit au moins une formation par an pour approfondir ou d\u00e9velopper de nouvelles connaissances. L\u2019association Mahou Minauds est compos\u00e9e de parents membres du Bureau, dont : Le Conseil d\u2019Administration des [&hellip;]<\/p>\n","protected":false},"author":1,"featured_media":0,"parent":0,"menu_order":0,"comment_status":"closed","ping_status":"closed","template":"","meta":{"footnotes":""},"_links":{"self":[{"href":"https:\/\/mahou-minauds.fr\/index.php?rest_route=\/wp\/v2\/pages\/879"}],"collection":[{"href":"https:\/\/mahou-minauds.fr\/index.php?rest_route=\/wp\/v2\/pages"}],"about":[{"href":"https:\/\/mahou-minauds.fr\/index.php?rest_route=\/wp\/v2\/types\/page"}],"author":[{"embeddable":true,"href":"https:\/\/mahou-minauds.fr\/index.php?rest_route=\/wp\/v2\/users\/1"}],"replies":[{"embeddable":true,"href":"https:\/\/mahou-minauds.fr\/index.php?rest_route=%2Fwp%2Fv2%2Fcomments&post=879"}],"version-history":[{"count":8,"href":"https:\/\/mahou-minauds.fr\/index.php?rest_route=\/wp\/v2\/pages\/879\/revisions"}],"predecessor-version":[{"id":1139,"href":"https:\/\/mahou-minauds.fr\/index.php?rest_route=\/wp\/v2\/pages\/879\/revisions\/1139"}],"wp:attachment":[{"href":"https:\/\/mahou-minauds.fr\/index.php?rest_route=%2Fwp%2Fv2%2Fmedia&parent=879"}],"curies":[{"name":"wp","href":"https:\/\/api.w.org\/{rel}","templated":true}]}}