{"id":877,"date":"2024-02-03T21:16:20","date_gmt":"2024-02-03T20:16:20","guid":{"rendered":"https:\/\/mahou-minauds.fr\/?page_id=877"},"modified":"2024-03-07T15:46:29","modified_gmt":"2024-03-07T14:46:29","slug":"le-fonctionnement","status":"publish","type":"page","link":"https:\/\/mahou-minauds.fr\/?page_id=877","title":{"rendered":"Le fonctionnement"},"content":{"rendered":"\n<p><br>La cr\u00e8che des Mahou-Minauds est une <strong>cr\u00e8che associative \u00e0 gestion parentale<\/strong> n\u00e9e en mars 2013 \u00e0 Grenoble, au sein du quartier de Championnet (secteur 2).<\/p>\n\n\n\n<p>Avec l&rsquo;appui de la direction, la cr\u00e8che est g\u00e9r\u00e9e par les parents inscrits au Bureau et au Conseil d&rsquo;Administration. Les Mahou Minauds offrent l&rsquo;opportunit\u00e9 aux parents qui le d\u00e9sirent, de s&rsquo;investir dans le fonctionnement du lieu d&rsquo;accueil de leur.s enfant.s.<\/p>\n\n\n\n<p>Membres du bureau ou non, <strong>les parents sont invit\u00e9s \u00e0 apporter leurs comp\u00e9tences et savoirs faires<\/strong>, par exemple : la gestion informatique du site internet, les d\u00e9cisions li\u00e9es au bien-\u00eatre des enfants, couture, bricolage, accompagnent lors des sorties&#8230; Les parents sont appel\u00e9s \u00e0 \u00eatre acteurs de la vie de la cr\u00e8che et ils participent activement \u00e0 son fonctionnement.<\/p>\n\n\n\n<p>En revanche, contrairement aux cr\u00e8ches dites \u00ab\u00a0parentales\u00a0\u00bb, <strong>les parents n&rsquo;exercent pas de permanences aupr\u00e8s des enfants<\/strong>.<\/p>\n\n\n\n<p>Pour en savoir plus sur le fonctionnement de la cr\u00e8che :<\/p>\n\n\n\n<ul>\n<li><a href=\"http:\/\/mahou-minauds.fr\/wp-content\/uploads\/2024\/03\/Livret-daccueil.pdf\">l<\/a><a href=\"http:\/\/mahou-minauds.fr\/wp-content\/uploads\/2024\/03\/Livret-daccueil.pdf\" target=\"_blank\" rel=\"noreferrer noopener\">e livret d&rsquo;accueil<\/a><\/li>\n\n\n\n<li><a href=\"http:\/\/mahou-minauds.fr\/wp-content\/uploads\/2024\/03\/Statuts-modifie-17.03.2014.pdf\" target=\"_blank\" rel=\"noreferrer noopener\">les statuts de l&rsquo;association<\/a><\/li>\n\n\n\n<li><a href=\"http:\/\/mahou-minauds.fr\/wp-content\/uploads\/2024\/03\/RDF-avril-2023.pdf\" target=\"_blank\" rel=\"noreferrer noopener\">le r\u00e8glement int\u00e9rieur de la cr\u00e8che<\/a><\/li>\n<\/ul>\n","protected":false},"excerpt":{"rendered":"<p>La cr\u00e8che des Mahou-Minauds est une cr\u00e8che associative \u00e0 gestion parentale n\u00e9e en mars 2013 \u00e0 Grenoble, au sein du quartier de Championnet (secteur 2). Avec l&rsquo;appui de la direction, la cr\u00e8che est g\u00e9r\u00e9e par les parents inscrits au Bureau et au Conseil d&rsquo;Administration. Les Mahou Minauds offrent l&rsquo;opportunit\u00e9 aux parents qui le d\u00e9sirent, de [&hellip;]<\/p>\n","protected":false},"author":1,"featured_media":0,"parent":0,"menu_order":0,"comment_status":"closed","ping_status":"closed","template":"","meta":{"footnotes":""},"_links":{"self":[{"href":"https:\/\/mahou-minauds.fr\/index.php?rest_route=\/wp\/v2\/pages\/877"}],"collection":[{"href":"https:\/\/mahou-minauds.fr\/index.php?rest_route=\/wp\/v2\/pages"}],"about":[{"href":"https:\/\/mahou-minauds.fr\/index.php?rest_route=\/wp\/v2\/types\/page"}],"author":[{"embeddable":true,"href":"https:\/\/mahou-minauds.fr\/index.php?rest_route=\/wp\/v2\/users\/1"}],"replies":[{"embeddable":true,"href":"https:\/\/mahou-minauds.fr\/index.php?rest_route=%2Fwp%2Fv2%2Fcomments&post=877"}],"version-history":[{"count":13,"href":"https:\/\/mahou-minauds.fr\/index.php?rest_route=\/wp\/v2\/pages\/877\/revisions"}],"predecessor-version":[{"id":1128,"href":"https:\/\/mahou-minauds.fr\/index.php?rest_route=\/wp\/v2\/pages\/877\/revisions\/1128"}],"wp:attachment":[{"href":"https:\/\/mahou-minauds.fr\/index.php?rest_route=%2Fwp%2Fv2%2Fmedia&parent=877"}],"curies":[{"name":"wp","href":"https:\/\/api.w.org\/{rel}","templated":true}]}}